{"id":8,"date":"2011-10-04T14:05:31","date_gmt":"2011-10-04T14:05:31","guid":{"rendered":"http:\/\/disa.umh.es\/?page_id=8"},"modified":"2020-07-30T17:31:53","modified_gmt":"2020-07-30T15:31:53","slug":"investigacion","status":"publish","type":"page","link":"https:\/\/disa.umh.es\/ca\/investigacion\/","title":{"rendered":"Investigaci\u00f3"},"content":{"rendered":"<p>La investigaci\u00f3 del Departament s&#8217;estructura entorn dels grups d&#8217;investigaci\u00f3:<\/p>\n<ul>\n<li><a href=\"http:\/\/arvc.umh.es\" target=\"_blank\" rel=\"noopener noreferrer\">Automatitzaci\u00f3, Rob\u00f2tica i Visi\u00f3 per Computador<\/a><\/li>\n<li><a href=\"https:\/\/bmi.umh.es\/\">Brain-Machine Interface Systems Lab<\/a><\/li>\n<li><a href=\"http:\/\/lcsi.umh.es\/\">Laboratori de Computaci\u00f3 Social i Interf\u00edcies M\u00f2bils<\/a><\/li>\n<li><a href=\"https:\/\/nbio.umh.es\" target=\"_blank\" rel=\"noopener noreferrer\">Neuroenginyeria Biom\u00e8dica<\/a><\/li>\n<\/ul>\n<p><\/p>","protected":false},"excerpt":{"rendered":"<p>La investigaci\u00f3 del Departament s&#8217;estructura entorn dels grups d&#8217;investigaci\u00f3:<\/p>\n<p>Automatitzaci\u00f3, Rob\u00f2tica i Visi\u00f3 per Computador<br \/>\nBrain-Machine Interface Systems Lab<br \/>\nLaboratori de Computaci\u00f3 Social i Interf\u00edcies M\u00f2bils<br \/>\nNeuroenginyeria Biom\u00e8dica<\/p>\n","protected":false},"author":42,"featured_media":0,"parent":0,"menu_order":4,"comment_status":"closed","ping_status":"open","template":"","meta":{"_links_to":"","_links_to_target":""},"_links":{"self":[{"href":"https:\/\/disa.umh.es\/ca\/wp-json\/wp\/v2\/pages\/8"}],"collection":[{"href":"https:\/\/disa.umh.es\/ca\/wp-json\/wp\/v2\/pages"}],"about":[{"href":"https:\/\/disa.umh.es\/ca\/wp-json\/wp\/v2\/types\/page"}],"author":[{"embeddable":true,"href":"https:\/\/disa.umh.es\/ca\/wp-json\/wp\/v2\/users\/42"}],"replies":[{"embeddable":true,"href":"https:\/\/disa.umh.es\/ca\/wp-json\/wp\/v2\/comments?post=8"}],"version-history":[{"count":0,"href":"https:\/\/disa.umh.es\/ca\/wp-json\/wp\/v2\/pages\/8\/revisions"}],"wp:attachment":[{"href":"https:\/\/disa.umh.es\/ca\/wp-json\/wp\/v2\/media?parent=8"}],"curies":[{"name":"wp","href":"https:\/\/api.w.org\/{rel}","templated":true}]}}