{"id":3,"date":"2011-09-29T10:49:43","date_gmt":"2011-09-29T10:49:43","guid":{"rendered":"http:\/\/disa.zeus.umh.es\/presentacion\/"},"modified":"2024-02-12T09:42:44","modified_gmt":"2024-02-12T08:42:44","slug":"presentacion","status":"publish","type":"page","link":"https:\/\/disa.umh.es\/ca\/presentacion\/","title":{"rendered":"Presentaci\u00f3"},"content":{"rendered":"<p><a href=\"https:\/\/disa.umh.es\/files\/2011\/09\/E24m.jpg\"><img loading=\"lazy\" class=\"alignleft\" title=\"E24m\" src=\"https:\/\/disa.umh.es\/files\/2011\/09\/E24m.jpg\" alt=\"Edificio Qu\u00f3rum V\" width=\"256\" height=\"192\" \/><\/a> El Departament d&#8217;Enginyeria de Sistemes i Autom\u00e0tica de la Universitat Miguel Hern\u00e1ndez d&#8217;Elx centra la seua labor docent i investigadora en les tecnologies de l&#8217;automatitzaci\u00f3, el control, l&#8217;enginyeria de sistemes, la visi\u00f3 per computador, la rob\u00f2tica, l&#8217;enginyeria biom\u00e8dica i les ci\u00e8ncies de la computaci\u00f3. El Departament imparteix doc\u00e8ncia en les Enginyeries, Enginyeries T\u00e8cniques i Graus de l&#8217;\u00e0mbit industrial i de les telecomunicacions. A m\u00e9s, el Departament participa en els M\u00e0sters i Programes de Doctorat en Tecnologies Industrials i de Telecomunicaci\u00f3 i en *Bioingenier\u00eda. La investigaci\u00f3 del Departament s&#8217;estructura entorn dels grups d&#8217;investigaci\u00f3 \u201cAutomatitzaci\u00f3, Rob\u00f2tica i Visi\u00f3 per Computador\u201d, \u201cLaboratori de Control i Sistemes Intel\u00b7ligents\u201d i \u201cNeuroingenier\u00eda Biom\u00e8dica\u201d.<\/p>\n<div><\/div>\n<p><\/p>","protected":false},"excerpt":{"rendered":"<p> El Departament d&#8217;Enginyeria de Sistemes i Autom\u00e0tica de la Universitat Miguel Hern\u00e1ndez d&#8217;Elx centra la seua labor docent i investigadora en les tecnologies de l&#8217;automatitzaci\u00f3, el control, l&#8217;enginyeria de sistemes, la visi\u00f3 per computador, la rob\u00f2tica, l&#8217;enginyeria biom\u00e8dica i les ci\u00e8ncies de la computaci\u00f3. El Departament imparteix doc\u00e8ncia en les Enginyeries, Enginyeries T\u00e8cniques i [&#8230;]<\/p>\n","protected":false},"author":1,"featured_media":0,"parent":0,"menu_order":1,"comment_status":"closed","ping_status":"open","template":"","meta":{"_links_to":"","_links_to_target":""},"_links":{"self":[{"href":"https:\/\/disa.umh.es\/ca\/wp-json\/wp\/v2\/pages\/3"}],"collection":[{"href":"https:\/\/disa.umh.es\/ca\/wp-json\/wp\/v2\/pages"}],"about":[{"href":"https:\/\/disa.umh.es\/ca\/wp-json\/wp\/v2\/types\/page"}],"author":[{"embeddable":true,"href":"https:\/\/disa.umh.es\/ca\/wp-json\/wp\/v2\/users\/1"}],"replies":[{"embeddable":true,"href":"https:\/\/disa.umh.es\/ca\/wp-json\/wp\/v2\/comments?post=3"}],"version-history":[{"count":0,"href":"https:\/\/disa.umh.es\/ca\/wp-json\/wp\/v2\/pages\/3\/revisions"}],"wp:attachment":[{"href":"https:\/\/disa.umh.es\/ca\/wp-json\/wp\/v2\/media?parent=3"}],"curies":[{"name":"wp","href":"https:\/\/api.w.org\/{rel}","templated":true}]}}