{"id":18,"date":"2011-10-05T09:51:57","date_gmt":"2011-10-05T09:51:57","guid":{"rendered":"http:\/\/disa.umh.es\/?page_id=18"},"modified":"2024-02-12T09:44:12","modified_gmt":"2024-02-12T08:44:12","slug":"proyectos-fin-de-carrera","status":"publish","type":"page","link":"https:\/\/disa.umh.es\/ca\/docencia\/proyectos-fin-de-carrera\/","title":{"rendered":"Projectes Fi de Carrera  (TFG\/TFM)"},"content":{"rendered":"<p><\/p>\n<ul>\n<li><a href=\"https:\/\/epse.umh.es\/tfgm\/tfg\/\" target=\"_blank\" rel=\"noopener\">Informaci\u00f3n acad\u00e9mica Trabajos Fin de Grado \u00a0(EPSE<\/a>)<\/li>\n<li><a href=\"https:\/\/epse.umh.es\/tfgm\/tfm\/\" target=\"_blank\" rel=\"noopener\">Informaci\u00f3n acad\u00e9mica Trabajos Fin de M\u00e1ster\u00a0 (EPSE<\/a>)<\/li>\n<li><a href=\"https:\/\/disa.umh.es\/category\/oferta-proyectos-final-de-carrera\/\" target=\"_self\" rel=\"noopener\">Enlace a la oferta de PFC\/TFG\/TFM<\/a><\/li>\n<\/ul>\n<p><\/p>","protected":false},"excerpt":{"rendered":"<p>Informaci\u00f3n acad\u00e9mica Trabajos Fin de Grado \u00a0(EPSE)<br \/>\nInformaci\u00f3n acad\u00e9mica Trabajos Fin de M\u00e1ster\u00a0 (EPSE)<br \/>\nEnlace a la oferta de PFC\/TFG\/TFM<\/p>\n","protected":false},"author":42,"featured_media":0,"parent":7,"menu_order":40,"comment_status":"closed","ping_status":"open","template":"","meta":{"_links_to":"","_links_to_target":""},"_links":{"self":[{"href":"https:\/\/disa.umh.es\/ca\/wp-json\/wp\/v2\/pages\/18"}],"collection":[{"href":"https:\/\/disa.umh.es\/ca\/wp-json\/wp\/v2\/pages"}],"about":[{"href":"https:\/\/disa.umh.es\/ca\/wp-json\/wp\/v2\/types\/page"}],"author":[{"embeddable":true,"href":"https:\/\/disa.umh.es\/ca\/wp-json\/wp\/v2\/users\/42"}],"replies":[{"embeddable":true,"href":"https:\/\/disa.umh.es\/ca\/wp-json\/wp\/v2\/comments?post=18"}],"version-history":[{"count":0,"href":"https:\/\/disa.umh.es\/ca\/wp-json\/wp\/v2\/pages\/18\/revisions"}],"up":[{"embeddable":true,"href":"https:\/\/disa.umh.es\/ca\/wp-json\/wp\/v2\/pages\/7"}],"wp:attachment":[{"href":"https:\/\/disa.umh.es\/ca\/wp-json\/wp\/v2\/media?parent=18"}],"curies":[{"name":"wp","href":"https:\/\/api.w.org\/{rel}","templated":true}]}}