{"id":12,"date":"2011-10-05T09:31:31","date_gmt":"2011-10-05T09:31:31","guid":{"rendered":"http:\/\/disa.umh.es\/?page_id=12"},"modified":"2024-02-12T09:43:32","modified_gmt":"2024-02-12T08:43:32","slug":"masteres","status":"publish","type":"page","link":"https:\/\/disa.umh.es\/ca\/docencia\/masteres\/","title":{"rendered":"M\u00e0sters"},"content":{"rendered":"<p><strong><a href=\"http:\/\/www.umh.es\/contenido\/Estudios\/:tit_m_185\/datos_es.html\">M\u00c0STER UNIVERSITARI EN ENGINYERIA INDUSTRIAL<\/a><\/strong><\/p>\n<ul>\n<li><a href=\"http:\/\/www.umh.es\/contenido\/Estudios\/:asi_m_2976\/datos_ca.html\">CONTROL AVAN\u00c7AT<\/a><\/li>\n<li><a href=\"http:\/\/www.umh.es\/contenido\/Estudios\/:asi_m_2975\/datos_ca.html\">INSTRUMENTACI\u00d3 I SISTEMES ELECTR\u00d2NICS<\/a><\/li>\n<li><a href=\"http:\/\/www.umh.es\/contenido\/Estudios\/:asi_m_2971\/datos_ca.html\">TECNOLOGIA DE FABRICACI\u00d3<\/a><\/li>\n<li><a href=\"http:\/\/www.umh.es\/contenido\/Estudios\/:asi_m_2987\/datos_ca.html\">ROB\u00d2TICA DE SERVEI<\/a><\/li>\n<\/ul>\n<p><strong><a href=\"http:\/\/www.umh.es\/contenido\/Estudios\/:tit_m_184\/datos_es.html\">M\u00c0STER UNIVERSITARI EN INGINYERIA DE TELECOMUNICACI\u00d3<\/a><\/strong><\/p>\n<ul>\n<li><em><a href=\"http:\/\/www.umh.es\/contenido\/Estudios\/:asi_m_2967\/datos_es.html\">ELECTROMEDICINA<\/a><\/em><\/li>\n<\/ul>\n<p><a href=\"http:\/\/www.umh.es\/contenido\/Estudios\/:tit_m_256\/datos_es.html\"><strong>M\u00c0STER UNIVERSITARI EN ROB\u00d3TICA<\/strong><\/a><\/p>\n<ul>\n<li><a href=\"http:\/\/www.umh.es\/contenido\/Estudiantes\/:asi_m_4357\/datos_es.html\"><em>Cinem\u00e1tica de Robots\u00a0<\/em><\/a><\/li>\n<li><a href=\"http:\/\/www.umh.es\/contenido\/Estudiantes\/:asi_m_4358\/datos_es.html\"><em>Din\u00e1mica y Simulaci\u00f3n de Manipuladores<\/em><\/a><\/li>\n<li><a href=\"http:\/\/www.umh.es\/contenido\/Estudiantes\/:asi_m_4359\/datos_es.html\"><em>Control Sensorial de Sistemas Rob\u00f3ticos<\/em><\/a><\/li>\n<li><em><a href=\"http:\/\/www.umh.es\/contenido\/Estudiantes\/:asi_m_4360\/datos_es.html\">Sistemas de Percepci\u00f3n en Rob\u00f3tica<\/a>\u00a0<\/em><\/li>\n<li><a href=\"http:\/\/www.umh.es\/contenido\/Estudiantes\/:asi_m_4362\/datos_es.html\"><em>Fundamentos F\u00edsicos de la Visi\u00f3n Artificial<\/em>\u00a0<\/a><\/li>\n<li><a href=\"http:\/\/www.umh.es\/contenido\/Estudiantes\/:asi_m_4363\/datos_es.html\"><em>Procesamiento de Im\u00e1genes<\/em><\/a><\/li>\n<li><a href=\"http:\/\/www.umh.es\/contenido\/Estudiantes\/:asi_m_4361\/datos_es.html\"><em>Inteligencia Artificial en Rob\u00f3tica<\/em><\/a><\/li>\n<li><a href=\"http:\/\/www.umh.es\/contenido\/Estudiantes\/:asi_m_4364\/datos_es.html\"><em>Visi\u00f3n 3D<\/em><\/a><\/li>\n<li><a href=\"http:\/\/www.umh.es\/contenido\/Estudiantes\/:asi_m_4365\/datos_es.html\"><em>Rob\u00f3tica M\u00e9dica<\/em><\/a><\/li>\n<li><a href=\"http:\/\/www.umh.es\/contenido\/Estudiantes\/:asi_m_4366\/datos_es.html\"><em>Neurorob\u00f3tica<\/em>\u00a0<\/a><\/li>\n<li><a href=\"http:\/\/www.umh.es\/contenido\/Estudiantes\/:asi_m_4367\/datos_es.html\"><em>Rob\u00f3tica M\u00f3vil<\/em><\/a><\/li>\n<li><a href=\"http:\/\/www.umh.es\/contenido\/Estudiantes\/:asi_m_4368\/datos_es.html\"><em>Telerob\u00f3tica<\/em>\u00a0<\/a><\/li>\n<li><a href=\"http:\/\/www.umh.es\/contenido\/Estudiantes\/:asi_m_4369\/datos_es.html\"><em>Tecnolog\u00edas Emergentes e Investigaci\u00f3n en Rob\u00f3tica<\/em><\/a><\/li>\n<\/ul>\n<p><strong><a href=\"http:\/\/www.umh.es\/contenido\/Estudios\/:tit_m_106\/datos_es.html\">M\u00c0STER UNIVERSITARI D&#8217;INVESTIGACI\u00d3 EN TECNOLOGIES INDUSTRIALS I DE TELECOMUNICACI\u00d3<\/a><\/strong><\/p>\n<p><strong><a href=\"http:\/\/www.umh.es\/contenido\/Estudios\/:tit_m_113\/datos_es.html\">M\u00c0STER UNIVERSITARI EN BIOINGENIER\u00cdA<\/a><\/strong><\/p>\n<p><a href=\"http:\/\/www.umh.es\/contenido\/Estudios\/:tit_m_113\/datos_es.html\">Enginyeria Biom\u00e8dica<\/a><\/p>\n<ul>\n<li><a href=\"http:\/\/www.umh.es\/contenido\/Estudios\/:asi_m_660\/datos_ca.html\">FONAMENTS DE LA VISI\u00d3 I VISI\u00d3 ARTIFICIAL<\/a><\/li>\n<li><a href=\"http:\/\/www.umh.es\/contenido\/Estudios\/:asi_m_658\/datos_ca.html\">FONAMENTS M\u00c8DICS I T\u00c8CNICS DE LA BIOINGENIER\u00cdA<\/a><\/li>\n<li><a href=\"http:\/\/www.umh.es\/contenido\/Estudios\/:asi_m_661\/datos_ca.html\">NEUROINGENIER\u00cdA<\/a><\/li>\n<li><a href=\"http:\/\/www.umh.es\/contenido\/Estudios\/:asi_m_659\/datos_ca.html\">PROCESSAMENT DE SENYALS BIOM\u00c8DICS<\/a><\/li>\n<\/ul>\n<p><\/p>","protected":false},"excerpt":{"rendered":"<p>M\u00c0STER UNIVERSITARI EN ENGINYERIA INDUSTRIAL<\/p>\n<p>CONTROL AVAN\u00c7AT<br \/>\nINSTRUMENTACI\u00d3 I SISTEMES ELECTR\u00d2NICS<br \/>\nTECNOLOGIA DE FABRICACI\u00d3<br \/>\nROB\u00d2TICA DE SERVEI<\/p>\n<p>M\u00c0STER UNIVERSITARI EN INGINYERIA DE TELECOMUNICACI\u00d3<\/p>\n<p>ELECTROMEDICINA<\/p>\n<p>M\u00c0STER UNIVERSITARI EN ROB\u00d3TICA<\/p>\n<p>Cinem\u00e1tica de Robots\u00a0<br \/>\nDin\u00e1mica y Simulaci\u00f3n de Manipuladores<br \/>\nControl Sensorial de Sistemas Rob\u00f3ticos<br \/>\nSistemas de Percepci\u00f3n en Rob\u00f3tica\u00a0<br \/>\nFundamentos F\u00edsicos de la Visi\u00f3n Artificial\u00a0<br \/>\nProcesamiento de Im\u00e1genes<br \/>\nInteligencia Artificial en Rob\u00f3tica<br \/>\nVisi\u00f3n 3D<br \/>\nRob\u00f3tica M\u00e9dica<br \/>\nNeurorob\u00f3tica\u00a0<br \/>\nRob\u00f3tica M\u00f3vil<br \/>\nTelerob\u00f3tica\u00a0<br \/>\nTecnolog\u00edas Emergentes e Investigaci\u00f3n en Rob\u00f3tica<\/p>\n<p>M\u00c0STER UNIVERSITARI D&#8217;INVESTIGACI\u00d3 [&#8230;]<\/p>\n","protected":false},"author":42,"featured_media":0,"parent":7,"menu_order":20,"comment_status":"closed","ping_status":"open","template":"","meta":{"_links_to":"","_links_to_target":""},"_links":{"self":[{"href":"https:\/\/disa.umh.es\/ca\/wp-json\/wp\/v2\/pages\/12"}],"collection":[{"href":"https:\/\/disa.umh.es\/ca\/wp-json\/wp\/v2\/pages"}],"about":[{"href":"https:\/\/disa.umh.es\/ca\/wp-json\/wp\/v2\/types\/page"}],"author":[{"embeddable":true,"href":"https:\/\/disa.umh.es\/ca\/wp-json\/wp\/v2\/users\/42"}],"replies":[{"embeddable":true,"href":"https:\/\/disa.umh.es\/ca\/wp-json\/wp\/v2\/comments?post=12"}],"version-history":[{"count":0,"href":"https:\/\/disa.umh.es\/ca\/wp-json\/wp\/v2\/pages\/12\/revisions"}],"up":[{"embeddable":true,"href":"https:\/\/disa.umh.es\/ca\/wp-json\/wp\/v2\/pages\/7"}],"wp:attachment":[{"href":"https:\/\/disa.umh.es\/ca\/wp-json\/wp\/v2\/media?parent=12"}],"curies":[{"name":"wp","href":"https:\/\/api.w.org\/{rel}","templated":true}]}}